{"id":3,"date":"2024-09-09T13:33:55","date_gmt":"2024-09-09T13:33:55","guid":{"rendered":"https:\/\/temida.no\/?page_id=3"},"modified":"2024-10-10T10:14:23","modified_gmt":"2024-10-10T10:14:23","slug":"personvernerklaering","status":"publish","type":"page","link":"https:\/\/temida.no\/pl\/personvernerklaering\/","title":{"rendered":"Personvernerkl\u00e6ring"},"content":{"rendered":"<style>#gspb_row-id-gsbp-5d98f8e{justify-content:space-between;margin-top:0px;margin-bottom:0px;display:flex;flex-wrap:wrap;}#gspb_row-id-gsbp-5d98f8e > .gspb_row__content{display:flex;justify-content:space-between;margin:0 auto;width:100%;flex-wrap:wrap;}.gspb_row{position:relative;}div[id^=gspb_col-id]{box-sizing:border-box;position:relative;}div[id^=gspb_col-id]{padding:15px min(3vw,20px);}body.gspb-bodyfront #gspb_row-id-gsbp-5d98f8e > .gspb_row__content{width:var(--theme-container-width,1200px);}body.gspb-bodyfront #gspb_row-id-gsbp-5d98f8e > .gspb_row__content{max-width:var(--theme-normal-container-max-width,1200px);}#gspb_row-id-gsbp-5d98f8e{background-size:cover;background-repeat:no-repeat;background-position:40% 28%;}#gspb_row-id-gsbp-5d98f8e{background-image:url(https:\/\/temida.no\/wp-content\/uploads\/2024\/09\/hej.png);}#gspb_row-id-gsbp-5d98f8e:hover{background-size:cover;}#gspb_row-id-gsbp-5d98f8e > .gspb_backgroundOverlay{position:absolute;top:0;left:0;width:100%;height:100%;z-index:-1;}#gspb_row-id-gsbp-5d98f8e > .gspb_backgroundOverlay{background-color:#2f4f4f7d;}#gspb_row-id-gsbp-5d98f8e{isolation:isolate;}<\/style>\n<div class=\"wp-block-greenshift-blocks-row alignfull gspb_row gspb_row-id-gsbp-5d98f8e\" id=\"gspb_row-id-gsbp-5d98f8e\"><div class=\"gspb_backgroundOverlay\"><\/div><div class=\"gspb_row__content\"> <style>#gspb_col-id-gsbp-d2b5f49.gspb_row__col--12{width:100%;}@media (max-width:689.98px){#gspb_col-id-gsbp-d2b5f49.gspb_row__col--12{width:100%;}}.gspb_row #gspb_col-id-gsbp-d2b5f49.gspb_row__col--12{padding-top:300px;padding-bottom:200px;}<\/style>\n<div class=\"wp-block-greenshift-blocks-row-column gspb_row__col--12 gspb_col-id-gsbp-d2b5f49\" id=\"gspb_col-id-gsbp-d2b5f49\">\n<h1 class=\"wp-block-heading has-text-align-center has-palette-color-7-color has-text-color has-link-color has-xx-large-font-size wp-elements-cb7418182f6438c8733694e1ceb7a682\" id=\"personvernerklaering\">Personvernerkl\u00e6ring<\/h1>\n<\/div>\n <\/div><\/div>\n\n\n<style>#gspb_row-id-gsbp-6d7156b{justify-content:space-between;margin-top:0px;margin-bottom:0px;display:flex;flex-wrap:wrap;}#gspb_row-id-gsbp-6d7156b > .gspb_row__content{display:flex;justify-content:space-between;margin:0 auto;width:100%;flex-wrap:wrap;}.gspb_row{position:relative;}div[id^=gspb_col-id]{box-sizing:border-box;position:relative;}div[id^=gspb_col-id]{padding:15px min(3vw,20px);}#gspb_row-id-gsbp-6d7156b > .gspb_row__content{max-width:902px;}#gspb_row-id-gsbp-6d7156b{margin-top:112px;}<\/style>\n<div class=\"wp-block-greenshift-blocks-row gspb_row gspb_row-id-gsbp-6d7156b\" id=\"gspb_row-id-gsbp-6d7156b\"><div class=\"gspb_row__content\"> <style>#gspb_col-id-gsbp-11cd031.gspb_row__col--12{width:100%;}@media (max-width:689.98px){#gspb_col-id-gsbp-11cd031.gspb_row__col--12{width:100%;}}<\/style>\n<div class=\"wp-block-greenshift-blocks-row-column gspb_row__col--12 gspb_col-id-gsbp-11cd031\" id=\"gspb_col-id-gsbp-11cd031\">\n<h2 class=\"wp-block-heading\" id=\"personvernerklaering-for-temida-regnskap-as\"><strong>Personvernerkl\u00e6ring for Temida Regnskap AS<\/strong><\/h2>\n\n\n\n<p>Denne personvernerkl\u00e6ringen beskriver hvordan Temida Regnskap AS samler inn, bruker og beskytter personopplysninger i henhold til gjeldende lover og regler for personvern, inkludert personopplysningsloven og EUs personvernforordning (GDPR).<\/p>\n\n\n\n<h3 class=\"wp-block-heading\" id=\"1-behandlingsansvarlig\">1. Behandlingsansvarlig<\/h3>\n\n\n\n<p>Behandlingsansvarlig for innsamling og behandling av personopplysninger er:<\/p>\n\n\n\n<p><strong>Temida Regnskap AS<\/strong><br>Aamodthellinga 6C,<br>2008 Fjerdingby<br>Organisasjonsnummer: 918 302 166<br>E-post: <a>post@temida.no<\/a><\/p>\n\n\n\n<h3 class=\"wp-block-heading\" id=\"2-innsamling-av-personopplysninger\">2. Innsamling av personopplysninger<\/h3>\n\n\n\n<p>Per dags dato samler ikke Temida Regnskap AS inn personopplysninger gjennom denne nettsiden. Det finnes ingen kontaktformularer eller andre funksjoner for innsamling av opplysninger fra bes\u00f8kende p\u00e5 nettsiden.<\/p>\n\n\n\n<h3 class=\"wp-block-heading\" id=\"3-bruk-av-informasjonskapsler-cookies\">3. Bruk av informasjonskapsler (cookies)<\/h3>\n\n\n\n<p>Selv om det ikke samles inn personopplysninger, bruker nettsiden <strong>informasjonskapsler (cookies)<\/strong> for f\u00f8lgende form\u00e5l:<\/p>\n\n\n\n<ul class=\"wp-block-list\">\n<li>Lagring av brukerpreferanser som valgt spr\u00e5k<\/li>\n\n\n\n<li>Analyse av trafikk ved bruk av verkt\u00f8y som Google Analytics<\/li>\n\n\n\n<li>Forbedring av brukeropplevelsen p\u00e5 nettstedet<\/li>\n<\/ul>\n\n\n\n<p>Disse informasjonskapslene inneholder ikke personlig identifiserbar informasjon, men kan brukes til \u00e5 forbedre funksjonaliteten og brukervennligheten p\u00e5 nettstedet.<\/p>\n\n\n\n<h3 class=\"wp-block-heading\" id=\"4-deling-av-opplysninger-med-tredjeparter\">4. Deling av opplysninger med tredjeparter<\/h3>\n\n\n\n<p>Temida Regnskap AS deler ikke personopplysninger med tredjeparter.<\/p>\n\n\n\n<h3 class=\"wp-block-heading\" id=\"5-sikkerhetstiltak\">5. Sikkerhetstiltak<\/h3>\n\n\n\n<p>For \u00e5 beskytte opplysninger, selv om ingen personopplysninger aktivt samles inn, har vi implementert f\u00f8lgende sikkerhetstiltak:<\/p>\n\n\n\n<ul class=\"wp-block-list\">\n<li>Regelmessige oppdateringer av systemer, inkludert temaer og utvidelser p\u00e5 nettstedet<\/li>\n\n\n\n<li>Bruk av sterke passord<\/li>\n\n\n\n<li>Kryptering av data ved hjelp av SSL-sertifikater for \u00e5 sikre kommunikasjonen mellom brukeren og nettsiden<\/li>\n<\/ul>\n\n\n\n<h3 class=\"wp-block-heading\" id=\"6-endringer-i-personvernerklaeringen\">6. Endringer i personvernerkl\u00e6ringen<\/h3>\n\n\n\n<p>Dersom det skjer endringer i v\u00e5r behandling av personopplysninger, vil denne personvernerkl\u00e6ringen bli oppdatert. Oppdateringer vil bli publisert p\u00e5 denne siden.<\/p>\n\n\n\n<h3 class=\"wp-block-heading\" id=\"7-kontaktinformasjon\">7. Kontaktinformasjon<\/h3>\n\n\n\n<p>Dersom du har sp\u00f8rsm\u00e5l om denne personvernerkl\u00e6ringen eller \u00f8nsker \u00e5 kontakte oss, kan du sende en e-post til:<\/p>\n\n\n\n<p><strong>Temida Regnskap AS<\/strong><br>E-post: <a>post@temida.no<\/a><\/p>\n<\/div>\n <\/div><\/div>\n","protected":false},"excerpt":{"rendered":"","protected":false},"author":2,"featured_media":0,"parent":0,"menu_order":0,"comment_status":"closed","ping_status":"closed","template":"","meta":{"_gspb_post_css":"#gspb_row-id-gsbp-5d98f8e,#gspb_row-id-gsbp-6d7156b{justify-content:space-between;margin-bottom:0;display:flex;flex-wrap:wrap;margin-top:112px}#gspb_row-id-gsbp-6d7156b>.gspb_row__content{display:flex;justify-content:space-between;margin:0 auto;width:100%;flex-wrap:wrap;max-width:902px}.gspb_row{position:relative}div[id^=gspb_col-id]{box-sizing:border-box;position:relative;padding:15px min(3vw,20px)}#gspb_col-id-gsbp-11cd031.gspb_row__col--12{width:100%}@media (max-width:575.98px){#gspb_col-id-gsbp-11cd031.gspb_row__col--12{width:100%}}#gspb_row-id-gsbp-5d98f8e{margin-top:0;background-size:cover;background-repeat:no-repeat;background-position:40% 28%;background-image:url(https:\/\/temida.no\/wp-content\/uploads\/2024\/09\/hej.png);isolation:isolate}#gspb_row-id-gsbp-5d98f8e>.gspb_row__content{display:flex;justify-content:space-between;margin:0 auto;width:100%;flex-wrap:wrap}body.gspb-bodyfront #gspb_row-id-gsbp-5d98f8e>.gspb_row__content{width:var(--theme-container-width, 1200px);max-width:var(--theme-normal-container-max-width, 1200px)}#gspb_row-id-gsbp-5d98f8e:hover{background-size:cover}#gspb_row-id-gsbp-5d98f8e>.gspb_backgroundOverlay{position:absolute;top:0;left:0;width:100%;height:100%;z-index:-1;background-color:#2f4f4f7d}#gspb_col-id-gsbp-d2b5f49.gspb_row__col--12{width:100%}@media (max-width:575.98px){#gspb_col-id-gsbp-d2b5f49.gspb_row__col--12{width:100%}}.gspb_row #gspb_col-id-gsbp-d2b5f49.gspb_row__col--12{padding-top:300px;padding-bottom:200px}","footnotes":""},"class_list":["post-3","page","type-page","status-publish","hentry"],"blocksy_meta":[],"_links":{"self":[{"href":"https:\/\/temida.no\/pl\/wp-json\/wp\/v2\/pages\/3","targetHints":{"allow":["GET"]}}],"collection":[{"href":"https:\/\/temida.no\/pl\/wp-json\/wp\/v2\/pages"}],"about":[{"href":"https:\/\/temida.no\/pl\/wp-json\/wp\/v2\/types\/page"}],"author":[{"embeddable":true,"href":"https:\/\/temida.no\/pl\/wp-json\/wp\/v2\/users\/2"}],"replies":[{"embeddable":true,"href":"https:\/\/temida.no\/pl\/wp-json\/wp\/v2\/comments?post=3"}],"version-history":[{"count":0,"href":"https:\/\/temida.no\/pl\/wp-json\/wp\/v2\/pages\/3\/revisions"}],"wp:attachment":[{"href":"https:\/\/temida.no\/pl\/wp-json\/wp\/v2\/media?parent=3"}],"curies":[{"name":"wp","href":"https:\/\/api.w.org\/{rel}","templated":true}]}}